{"id":13,"date":"2013-04-05T18:55:26","date_gmt":"2013-04-05T16:12:43","guid":{"rendered":"http:\/\/halsnoydokk.no\/?page_id=13"},"modified":"2019-09-04T10:06:04","modified_gmt":"2019-09-04T08:06:04","slug":"vare-tjenester","status":"publish","type":"page","link":"http:\/\/halsnoydokk.no\/?page_id=13","title":{"rendered":"V\u00e5re tjenester"},"content":{"rendered":"<p><strong>Halsn\u00f8y Dokk AS<\/strong> tilbyr service til alle typer fart\u00f8y.&nbsp;Verftet har 43 motiverte og velkvalifiserte medarbeidere som kan utf\u00f8re oppdrag innen nybygging av skip, skipsreparasjoner, ombygginger og forlengelser av b\u00e5de&nbsp;sivile og marinens fart\u00f8yer. Vi tilbyr&nbsp;overhaling, reparasjon, fabrikasjon, samt maskinerings- og sveisetjenester, og bygging av st\u00f8rre st\u00e5lkonstruksjoner.<\/p>\n<figure id=\"attachment_104\" aria-describedby=\"caption-attachment-104\" style=\"width: 540px\" class=\"wp-caption alignnone\"><a href=\"http:\/\/halsnoydokk.no\/wp-content\/uploads\/2013\/04\/Omradekart.jpg\"><img loading=\"lazy\" class=\" wp-image-104\" src=\"http:\/\/halsnoydokk.no\/wp-content\/uploads\/2013\/04\/Omradekart-400x240.jpg\" alt=\"Omr\u00e5dekart, trykk for full versjon \/ full st\u00f8rrelse.\" width=\"550\" height=\"330\" srcset=\"http:\/\/halsnoydokk.no\/wp-content\/uploads\/2013\/04\/Omradekart-400x240.jpg 400w, http:\/\/halsnoydokk.no\/wp-content\/uploads\/2013\/04\/Omradekart-800x480.jpg 800w, http:\/\/halsnoydokk.no\/wp-content\/uploads\/2013\/04\/Omradekart-624x374.jpg 624w, http:\/\/halsnoydokk.no\/wp-content\/uploads\/2013\/04\/Omradekart.jpg 1800w\" sizes=\"(max-width: 550px) 100vw, 550px\" \/><\/a><figcaption id=\"caption-attachment-104\" class=\"wp-caption-text\"><strong>Omr\u00e5dekart, trykk for full versjon \/ full st\u00f8rrelse.<\/strong><\/figcaption><\/figure>\n<p>P\u00e5 v\u00e5rt industriomr\u00e5de har vi blant annet f\u00f8lgende fasiliteter:<\/p>\n<ul>\n<li>T\u00f8rrdokk p\u00e5 106 x 25 meter. 6,2 meter dypg\u00e5ende. Dokken har azimuth grop, samt skinneg\u00e5ende kran med l\u00f8ftekapasitet p\u00e5 inntil 45 T<\/li>\n<li>Haller for st\u00e5lproduksjon, 5000 kvadratmeter, med f\u00f8lgende traverskraner:<br \/>\n1 x 60 tonn og 3 x 20 tonn<\/li>\n<li>Male- og sandbl\u00e5singshaller, 300 kvadratmeter<\/li>\n<li>Lagerhaller, 1500 kvadratmeter<\/li>\n<li>Mekanisk verksted, 250 kvadratmeter<\/li>\n<li>Brennebord (plasma)<\/li>\n<li>100 meter kaianlegg<\/li>\n<li>Moderne, hydraulisk akseltrekkvogn<\/li>\n<li>Flere 500 T pullerter rundt p\u00e5 omr\u00e5det<\/li>\n<li>Kantine med storkj\u00f8kken<\/li>\n<li>Innkvarteringsfasiliteter med inntil 50 sengeplasser for innleiepersonell<\/li>\n<li>Egne kontorbygg, herunder flere prosjektkontorer<\/li>\n<li>Tr\u00e5dl\u00f8s internett oppkobling som dekker hele verftsomr\u00e5det<\/li>\n<\/ul>\n<!-- AddThis Advanced Settings generic via filter on the_content -->","protected":false},"excerpt":{"rendered":"<p>Halsn\u00f8y Dokk AS tilbyr service til alle typer fart\u00f8y.&nbsp;Verftet har 43 motiverte og velkvalifiserte medarbeidere som kan utf\u00f8re oppdrag innen nybygging av skip, skipsreparasjoner, ombygginger og forlengelser av b\u00e5de&nbsp;sivile og marinens fart\u00f8yer. Vi tilbyr&nbsp;overhaling, reparasjon, fabrikasjon, samt maskinerings- og sveisetjenester, og bygging av st\u00f8rre st\u00e5lkonstruksjoner. P\u00e5 v\u00e5rt industriomr\u00e5de har vi blant annet f\u00f8lgende fasiliteter: T\u00f8rrdokk &#8230; <a title=\"V\u00e5re tjenester\" class=\"read-more\" href=\"http:\/\/halsnoydokk.no\/?page_id=13\" aria-label=\"Mer p\u00e5 V\u00e5re tjenester\">Les mer<\/a><!-- AddThis Advanced Settings generic via filter on get_the_excerpt --><\/p>\n","protected":false},"author":1,"featured_media":0,"parent":0,"menu_order":3,"comment_status":"closed","ping_status":"open","template":"","meta":{"ngg_post_thumbnail":0},"_links":{"self":[{"href":"http:\/\/halsnoydokk.no\/index.php?rest_route=\/wp\/v2\/pages\/13"}],"collection":[{"href":"http:\/\/halsnoydokk.no\/index.php?rest_route=\/wp\/v2\/pages"}],"about":[{"href":"http:\/\/halsnoydokk.no\/index.php?rest_route=\/wp\/v2\/types\/page"}],"author":[{"embeddable":true,"href":"http:\/\/halsnoydokk.no\/index.php?rest_route=\/wp\/v2\/users\/1"}],"replies":[{"embeddable":true,"href":"http:\/\/halsnoydokk.no\/index.php?rest_route=%2Fwp%2Fv2%2Fcomments&post=13"}],"version-history":[{"count":11,"href":"http:\/\/halsnoydokk.no\/index.php?rest_route=\/wp\/v2\/pages\/13\/revisions"}],"predecessor-version":[{"id":693,"href":"http:\/\/halsnoydokk.no\/index.php?rest_route=\/wp\/v2\/pages\/13\/revisions\/693"}],"wp:attachment":[{"href":"http:\/\/halsnoydokk.no\/index.php?rest_route=%2Fwp%2Fv2%2Fmedia&parent=13"}],"curies":[{"name":"wp","href":"https:\/\/api.w.org\/{rel}","templated":true}]}}