{"id":19,"date":"2013-04-05T18:54:46","date_gmt":"2013-04-05T16:13:48","guid":{"rendered":"http:\/\/halsnoydokk.no\/?page_id=19"},"modified":"2019-09-04T10:52:38","modified_gmt":"2019-09-04T08:52:38","slug":"historie","status":"publish","type":"page","link":"http:\/\/halsnoydokk.no\/?page_id=19","title":{"rendered":"Historie"},"content":{"rendered":"<p>Halsn\u00f8y og H\u00f8ylandsbygd har sv\u00e6rt lange skipstradisjoner, med b\u00e5tbygging helt tilbake p\u00e5 1800-talet, og har i s\u00e5ledes v\u00e6rt en sentral plass i skipsbyggerkunsten.<\/p>\n<p>Verftsomr\u00e5det som vi opererer p\u00e5 i dag ble etablert p\u00e5 1970-tallet, og her har det blitt bygget b\u00e5ter helt frem til dags dato. De f\u00f8rste ti\u00e5rene ble hele byggeprosessen fra skrog til full utrustning gjennomf\u00f8rt p\u00e5 verftet, men dette har i senere tid endret seg til utrustningsarbeid.<\/p>\n<p>I tillegg til b\u00e5tproduksjon har vi her p\u00e5 verftsomr\u00e5det ogs\u00e5 hatt mange ulike vedlikeholdsoppdrag p\u00e5 fart\u00f8yer og rigger, samt seksjonsbygging for underleverand\u00f8rer.<\/p>\n<p>&nbsp;<\/p>\n<p>&nbsp;<\/p>\n<figure style=\"width: 338px\" class=\"wp-caption alignleft\"><img loading=\"lazy\" class=\"\" src=\"http:\/\/www.hoylandsbygd.no\/wp-content\/gallery\/gamlebilete\/tn_20100527080428_00001.jpg\" alt=\"tn_20100527080428_00001.jpg (774\u00c3\u0097768)\" width=\"348\" height=\"345\"><figcaption class=\"wp-caption-text\">I H\u00f8ylandsbygd 1967<\/figcaption><\/figure>\n<figure id=\"attachment_695\" aria-describedby=\"caption-attachment-695\" style=\"width: 332px\" class=\"wp-caption alignright\"><img loading=\"lazy\" class=\"wp-image-695\" src=\"http:\/\/halsnoydokk.no\/wp-content\/uploads\/2019\/09\/H\u00f8ylandsbygd-1965.png\" alt=\"\" width=\"342\" height=\"223\" srcset=\"http:\/\/halsnoydokk.no\/wp-content\/uploads\/2019\/09\/H\u00f8ylandsbygd-1965.png 1311w, http:\/\/halsnoydokk.no\/wp-content\/uploads\/2019\/09\/H\u00f8ylandsbygd-1965-400x261.png 400w, http:\/\/halsnoydokk.no\/wp-content\/uploads\/2019\/09\/H\u00f8ylandsbygd-1965-768x500.png 768w, http:\/\/halsnoydokk.no\/wp-content\/uploads\/2019\/09\/H\u00f8ylandsbygd-1965-800x521.png 800w\" sizes=\"(max-width: 342px) 100vw, 342px\" \/><figcaption id=\"caption-attachment-695\" class=\"wp-caption-text\">H\u00f8ylandsbygd 1965<\/figcaption><\/figure>\n<figure id=\"attachment_696\" aria-describedby=\"caption-attachment-696\" style=\"width: 341px\" class=\"wp-caption alignright\"><img loading=\"lazy\" class=\"wp-image-696\" src=\"http:\/\/halsnoydokk.no\/wp-content\/uploads\/2019\/09\/H\u00f8ylandsbygd-2017.png\" alt=\"\" width=\"351\" height=\"225\" srcset=\"http:\/\/halsnoydokk.no\/wp-content\/uploads\/2019\/09\/H\u00f8ylandsbygd-2017.png 1326w, http:\/\/halsnoydokk.no\/wp-content\/uploads\/2019\/09\/H\u00f8ylandsbygd-2017-400x256.png 400w, http:\/\/halsnoydokk.no\/wp-content\/uploads\/2019\/09\/H\u00f8ylandsbygd-2017-768x492.png 768w, http:\/\/halsnoydokk.no\/wp-content\/uploads\/2019\/09\/H\u00f8ylandsbygd-2017-800x512.png 800w\" sizes=\"(max-width: 351px) 100vw, 351px\" \/><figcaption id=\"caption-attachment-696\" class=\"wp-caption-text\">H\u00f8ylandsbygd 2017<\/figcaption><\/figure>\n<!-- AddThis Advanced Settings generic via filter on the_content -->","protected":false},"excerpt":{"rendered":"<p>Halsn\u00f8y og H\u00f8ylandsbygd har sv\u00e6rt lange skipstradisjoner, med b\u00e5tbygging helt tilbake p\u00e5 1800-talet, og har i s\u00e5ledes v\u00e6rt en sentral plass i skipsbyggerkunsten. Verftsomr\u00e5det som vi opererer p\u00e5 i dag ble etablert p\u00e5 1970-tallet, og her har det blitt bygget b\u00e5ter helt frem til dags dato. De f\u00f8rste ti\u00e5rene ble hele byggeprosessen fra skrog til &#8230; <a title=\"Historie\" class=\"read-more\" href=\"http:\/\/halsnoydokk.no\/?page_id=19\" aria-label=\"Mer p\u00e5 Historie\">Les mer<\/a><!-- AddThis Advanced Settings generic via filter on get_the_excerpt --><\/p>\n","protected":false},"author":1,"featured_media":0,"parent":76,"menu_order":1,"comment_status":"closed","ping_status":"open","template":"","meta":{"ngg_post_thumbnail":0},"_links":{"self":[{"href":"http:\/\/halsnoydokk.no\/index.php?rest_route=\/wp\/v2\/pages\/19"}],"collection":[{"href":"http:\/\/halsnoydokk.no\/index.php?rest_route=\/wp\/v2\/pages"}],"about":[{"href":"http:\/\/halsnoydokk.no\/index.php?rest_route=\/wp\/v2\/types\/page"}],"author":[{"embeddable":true,"href":"http:\/\/halsnoydokk.no\/index.php?rest_route=\/wp\/v2\/users\/1"}],"replies":[{"embeddable":true,"href":"http:\/\/halsnoydokk.no\/index.php?rest_route=%2Fwp%2Fv2%2Fcomments&post=19"}],"version-history":[{"count":4,"href":"http:\/\/halsnoydokk.no\/index.php?rest_route=\/wp\/v2\/pages\/19\/revisions"}],"predecessor-version":[{"id":697,"href":"http:\/\/halsnoydokk.no\/index.php?rest_route=\/wp\/v2\/pages\/19\/revisions\/697"}],"up":[{"embeddable":true,"href":"http:\/\/halsnoydokk.no\/index.php?rest_route=\/wp\/v2\/pages\/76"}],"wp:attachment":[{"href":"http:\/\/halsnoydokk.no\/index.php?rest_route=%2Fwp%2Fv2%2Fmedia&parent=19"}],"curies":[{"name":"wp","href":"https:\/\/api.w.org\/{rel}","templated":true}]}}