{"id":21,"date":"2013-04-05T18:55:02","date_gmt":"2013-04-05T16:14:35","guid":{"rendered":"http:\/\/halsnoydokk.no\/?page_id=21"},"modified":"2013-04-07T20:53:15","modified_gmt":"2013-04-07T18:53:15","slug":"tidligere-prosjekter","status":"publish","type":"page","link":"http:\/\/halsnoydokk.no\/?page_id=21","title":{"rendered":"Tidligere prosjekter"},"content":{"rendered":"<ul>\n<li><span style=\"color: #1c3764;\"><strong>Geowave Champion<\/strong>, ombygging fra tr\u00e5ler til seismikk,\u00a0Fitjar Mek.Verksted AS,\u00a0okt 2006 til feb 2007<\/span><\/li>\n<li><span style=\"color: #1c3764;\"><span style=\"color: #1c3764;\"><strong>Malene \u00d8stervold<\/strong>, ombygging fra fregatt til seismikk, Wavefield, mars til sept 2007<\/span><\/span>\n<p><figure id=\"attachment_49\" aria-describedby=\"caption-attachment-49\" style=\"width: 290px\" class=\"wp-caption alignnone\"><a href=\"http:\/\/halsnoydokk.no\/wp-content\/uploads\/2013\/04\/MaleneOstervold.jpg\"><img loading=\"lazy\" class=\"size-medium wp-image-49\" alt=\"Malene \u00d8stervold under ombygging, 2007.\" src=\"http:\/\/halsnoydokk.no\/wp-content\/uploads\/2013\/04\/MaleneOstervold-300x225.jpg\" width=\"300\" height=\"225\" srcset=\"http:\/\/halsnoydokk.no\/wp-content\/uploads\/2013\/04\/MaleneOstervold-300x225.jpg 300w, http:\/\/halsnoydokk.no\/wp-content\/uploads\/2013\/04\/MaleneOstervold-624x468.jpg 624w, http:\/\/halsnoydokk.no\/wp-content\/uploads\/2013\/04\/MaleneOstervold.jpg 1000w\" sizes=\"(max-width: 300px) 100vw, 300px\" \/><\/a><figcaption id=\"caption-attachment-49\" class=\"wp-caption-text\"><strong>Malene \u00d8stervold under ombygging, 2007.<\/strong><\/figcaption><\/figure><\/li>\n<li><span style=\"color: #1c3764;\"><strong>Havilla Force<\/strong>, Havilla Shipping, sept 2007<\/span><\/li>\n<li><span style=\"color: #1c3764;\"><strong>Normand Ferking<\/strong>, reparasjon etter grunnst\u00f8ting, Solstad Shipping, okt 2007<\/span><\/li>\n<li><span style=\"color: #1c3764;\"><strong>Acergy Viking<\/strong>, Eidesvik AS, jan 2008<\/span><\/li>\n<li><span style=\"color: #1c3764;\"><strong>Troms Castor<\/strong>, Helles\u00f8y Verft AS, jul 2008<\/span><\/li>\n<li><span style=\"color: #1c3764;\"><strong>Bygg nr 1680<\/strong>, Fjellstrand AS, okt 2008<\/span><\/li>\n<li><span style=\"color: #1c3764;\"><strong>Siem Pilot (Siddis Mariner)<\/strong>, Eidsvik Skipsbyggeri, mai 2009<\/span><\/li>\n<li><span style=\"color: #1c3764;\"><strong>Folgefonn<\/strong>, Tide Sj\u00f8 AS, sep 2009<\/span><\/li>\n<li><span style=\"color: #1c3764;\"><strong>Skandi Waveny<\/strong>, Fitjar Mekaniske Verksted AS,\u00a0sep 2009<\/span><\/li>\n<li><span style=\"color: #1c3764;\"><strong>Christina S<\/strong>, Fitjar Mekaniske Verksted AS,\u00a0sep 2009<\/span><\/li>\n<li><span style=\"color: #1c3764;\"><strong>Troms Pollux<\/strong>, Helles\u00f8y Verft AS, okt 2009<\/span><\/li>\n<li><span style=\"color: #1c3764;\"><strong>Fugro Synergy<\/strong>, Fugro Synergy NV, okt 2009<\/span><\/li>\n<li><span style=\"color: #1c3764;\"><strong>Troms Apollo<\/strong>, Helles\u00f8y Verft AS, nov 2009<\/span><\/li>\n<li><span style=\"color: #1c3764;\"><strong>Skandi Stolmen<\/strong>, Fitjar Mekaniske Verksted AS, nov 2009<\/span><\/li>\n<li><span style=\"color: #1c3764;\"><strong>Troms Artemis<\/strong>, Helles\u00f8y Verft AS, des 2009<\/span><\/li>\n<li><span style=\"color: #1c3764;\"><strong>Viking Frio<\/strong>, Viking Reefers, jan 2010<\/span><\/li>\n<li><span style=\"color: #1c3764;\"><strong>Acergy Viking<\/strong>, Eidesvik, jan-feb 2010<\/span><\/li>\n<li><span style=\"color: #1c3764;\"><strong>Esvagt Observer<\/strong>, Esvagt, feb 2010<\/span><\/li>\n<li><span style=\"color: #1c3764;\"><strong>Toisa Intrepid<\/strong>, Sealion Shipping, feb 2010<\/span><\/li>\n<li><span style=\"color: #1c3764;\"><strong>Rennes\u00f8y<\/strong>, Tide Sj\u00f8, mars 2010<\/span><\/li>\n<li><span style=\"color: #1c3764;\"><strong>Siem Pilot<\/strong>, Eidsvik Skipsbyggeri, mars 2010<\/span><\/li>\n<li><span style=\"color: #1c3764;\"><strong>Hjelmeland<\/strong>, Tide Sj\u00f8, mars 2010<\/span><\/li>\n<li><span style=\"color: #1c3764;\"><strong>Sand og Alsaker lekter<\/strong>, Tide Sj\u00f8 og Alsaker Fjordbruk, mars 2010<\/span><\/li>\n<li><span style=\"color: #1c3764;\"><strong>Hamar\u00f8y<\/strong>, Torghatten Nord, april 2010<\/span><\/li>\n<li><span style=\"color: #1c3764;\"><strong>Skandi Bergen<\/strong>, Fitjar Mekaniske Verksted, mai 2010<\/span><\/li>\n<li><span style=\"color: #1c3764;\"><strong>Skandi Captain<\/strong>, Fitjar Mekaniske Verksted, mai 2010<\/span><\/li>\n<li><span style=\"color: #1c3764;\"><span style=\"color: #1c3764;\"><strong>Carten Maria<\/strong>, Carten Shipping, mai 2010<\/span><\/span>\n<p><figure id=\"attachment_50\" aria-describedby=\"caption-attachment-50\" style=\"width: 290px\" class=\"wp-caption alignnone\"><a href=\"http:\/\/halsnoydokk.no\/wp-content\/uploads\/2013\/04\/CartenMaria.jpg\"><img loading=\"lazy\" class=\"size-medium wp-image-50\" alt=\"Carten Maria i dokk, mai 2010.\" src=\"http:\/\/halsnoydokk.no\/wp-content\/uploads\/2013\/04\/CartenMaria-300x225.jpg\" width=\"300\" height=\"225\" srcset=\"http:\/\/halsnoydokk.no\/wp-content\/uploads\/2013\/04\/CartenMaria-300x225.jpg 300w, http:\/\/halsnoydokk.no\/wp-content\/uploads\/2013\/04\/CartenMaria-624x468.jpg 624w, http:\/\/halsnoydokk.no\/wp-content\/uploads\/2013\/04\/CartenMaria.jpg 1000w\" sizes=\"(max-width: 300px) 100vw, 300px\" \/><\/a><figcaption id=\"caption-attachment-50\" class=\"wp-caption-text\">Carten Maria i dokk, mai 2010.<\/figcaption><\/figure><\/li>\n<li><span style=\"color: #1c3764;\"><strong>Eide Barge 19<\/strong>, Eide Marine Services, \u00a0juni 2010<\/span><\/li>\n<li><span style=\"color: #1c3764;\"><strong>Siem Emerald<\/strong>, Kleven Verft, \u00a0juni 2010<\/span><\/li>\n<li><span style=\"color: #1c3764;\"><strong>Bona Sea<\/strong>, Bontveit Rederi, juli 2010<\/span><\/li>\n<li><span style=\"color: #1c3764;\"><strong>Talbor<\/strong>, Br\u00f8drene Birkeland Fiskeb\u00e5trederi, august 2010<\/span><\/li>\n<li><span style=\"color: #1c3764;\"><strong>Volstad Princess<\/strong>, Gulfmark, september 2010<\/span><\/li>\n<li><span style=\"color: #1c3764;\"><strong>Malene \u00d8stervold<\/strong>, Norfield, september 2010<\/span><\/li>\n<li><span style=\"color: #1c3764;\"><strong>Skandi Sotra<\/strong>, Fitjar Mekaniske Verksted, oktober 2010<\/span><\/li>\n<li><span style=\"color: #1c3764;\"><strong>Oceanic Phoenix <\/strong>(ex. Geowave Master), Master &amp; Commander, fremdriftsombygging\u00a0november 2010-april 2011<\/span><\/li>\n<li><span style=\"color: #1c3764;\"><strong>\u00d8ytind<\/strong>, B\u00f8mlo Br\u00f8nnb\u00e5tservice, mars 2011<\/span><\/li>\n<li><span style=\"color: #1c3764;\"><strong>Geo Sounder<\/strong>, Fitjar Mekaniske Verksted, mai 2011<\/span><\/li>\n<li><span style=\"color: #1c3764;\"><strong>Eide Fighter<\/strong>, Eide Marine Services, mai 2011<\/span><\/li>\n<li><span style=\"color: #1c3764;\"><strong>M\u00f8gsterhav<\/strong>, M\u00f8gster Havfiske, juni 2011<\/span><\/li>\n<li><span style=\"color: #1c3764;\"><strong>\u00d8ystrand<\/strong>, B\u00f8mlo Br\u00f8nnb\u00e5tservice, juni 2011<\/span><\/li>\n<li><span style=\"color: #1c3764;\"><strong>Osorno<\/strong>, Fjelberg Fjordbruk, juni 2011<\/span><\/li>\n<li><span style=\"color: #1c3764;\"><strong>Eide Rex og Eide Master<\/strong>, Eide Marine Services, august-september 2011<\/span><\/li>\n<li><span style=\"color: #1c3764;\"><strong>Hardingen<\/strong>, Tide Sj\u00f8, oktober-november 2011<\/span><\/li>\n<li><span style=\"color: #1c3764;\"><strong>Geosea<\/strong>, Fitjar Mekaniske Verksted, november-desember 2011<\/span><\/li>\n<\/ul>\n<!-- AddThis Advanced Settings generic via filter on the_content -->","protected":false},"excerpt":{"rendered":"<p>Geowave Champion, ombygging fra tr\u00e5ler til seismikk,\u00a0Fitjar Mek.Verksted AS,\u00a0okt 2006 til feb 2007 Malene \u00d8stervold, ombygging fra fregatt til seismikk, Wavefield, mars til sept 2007 Havilla Force, Havilla Shipping, sept 2007 Normand Ferking, reparasjon etter grunnst\u00f8ting, Solstad Shipping, okt 2007 Acergy Viking, Eidesvik AS, jan 2008 Troms Castor, Helles\u00f8y Verft AS, jul 2008 Bygg nr &#8230; <a title=\"Tidligere prosjekter\" class=\"read-more\" href=\"http:\/\/halsnoydokk.no\/?page_id=21\" aria-label=\"Mer p\u00e5 Tidligere prosjekter\">Les mer<\/a><!-- AddThis Advanced Settings generic via filter on get_the_excerpt --><\/p>\n","protected":false},"author":1,"featured_media":0,"parent":0,"menu_order":3,"comment_status":"closed","ping_status":"open","template":"","meta":{"ngg_post_thumbnail":0},"_links":{"self":[{"href":"http:\/\/halsnoydokk.no\/index.php?rest_route=\/wp\/v2\/pages\/21"}],"collection":[{"href":"http:\/\/halsnoydokk.no\/index.php?rest_route=\/wp\/v2\/pages"}],"about":[{"href":"http:\/\/halsnoydokk.no\/index.php?rest_route=\/wp\/v2\/types\/page"}],"author":[{"embeddable":true,"href":"http:\/\/halsnoydokk.no\/index.php?rest_route=\/wp\/v2\/users\/1"}],"replies":[{"embeddable":true,"href":"http:\/\/halsnoydokk.no\/index.php?rest_route=%2Fwp%2Fv2%2Fcomments&post=21"}],"version-history":[{"count":6,"href":"http:\/\/halsnoydokk.no\/index.php?rest_route=\/wp\/v2\/pages\/21\/revisions"}],"predecessor-version":[{"id":120,"href":"http:\/\/halsnoydokk.no\/index.php?rest_route=\/wp\/v2\/pages\/21\/revisions\/120"}],"wp:attachment":[{"href":"http:\/\/halsnoydokk.no\/index.php?rest_route=%2Fwp%2Fv2%2Fmedia&parent=21"}],"curies":[{"name":"wp","href":"https:\/\/api.w.org\/{rel}","templated":true}]}}