{"id":23,"date":"2013-04-05T18:56:50","date_gmt":"2013-04-05T16:15:33","guid":{"rendered":"http:\/\/halsnoydokk.no\/?page_id=23"},"modified":"2024-11-26T14:27:02","modified_gmt":"2024-11-26T13:27:02","slug":"vare-ansatte","status":"publish","type":"page","link":"http:\/\/halsnoydokk.no\/?page_id=23","title":{"rendered":"V\u00e5re Ansatte"},"content":{"rendered":"<p>&nbsp;<\/p>\n<p><strong>Frode Gr\u00f8nst\u00f8l<\/strong><br \/>\nDaglig leder<br \/>\nMobil: +47 92 42 60 92<br \/>\nE-mail: <a href=\"mailto:Frode.Gronstol@halsnoydokk.no\">Frode.Gronstol@halsnoydokk.no<\/a><\/p>\n<p><strong>Geir Magne Sj\u00f8vangen<\/strong><br \/>\nAnbud\/Prosjektledelse<br \/>\nMobil: + 47 90 12 67 11<br \/>\nE-mail: <a href=\"mailto:Geir.Magne.Sjovangen@halsnoydokk.no\">Geir.Magne.Sjovangen@halsnoydokk.no<\/a><\/p>\n<p><strong>Egil Sj\u00f8vangen<\/strong><br \/>\nAnbud\/Prosjektledelse<br \/>\nMobil: + 47 95 96 62 23<br \/>\nE-mail: <a href=\"mailto:Egil.Sjovangen@halsnoydokk.no\">Egil.Sjovangen@halsnoydokk.no<\/a><\/p>\n<p><strong>Bj\u00f8rn Harald Hansen<\/strong><br \/>\nInnkj\u00f8p\/Lager koordinator<br \/>\nMobil: + 47 97 03 75 37<br \/>\nE-mail: <a href=\"mailto:Bjorn.Harald.Hansen@halsnoydokk.no\">Bjorn.Harald.Hansen@halsnoydokk.no<\/a><\/p>\n<p>&nbsp;<\/p>\n<h1 style=\"text-align: center;\">Sentralbord: 534 82 900<\/h1>\n<!-- AddThis Advanced Settings generic via filter on the_content -->","protected":false},"excerpt":{"rendered":"<p>&nbsp; Frode Gr\u00f8nst\u00f8l Daglig leder Mobil: +47 92 42 60 92 E-mail: Frode.Gronstol@halsnoydokk.no Geir Magne Sj\u00f8vangen Anbud\/Prosjektledelse Mobil: + 47 90 12 67 11 E-mail: Geir.Magne.Sjovangen@halsnoydokk.no Egil Sj\u00f8vangen Anbud\/Prosjektledelse Mobil: + 47 95 96 62 23 E-mail: Egil.Sjovangen@halsnoydokk.no Bj\u00f8rn Harald Hansen Innkj\u00f8p\/Lager koordinator Mobil: + 47 97 03 75 37 E-mail: Bjorn.Harald.Hansen@halsnoydokk.no &nbsp; Sentralbord: 534 &#8230; <a title=\"V\u00e5re Ansatte\" class=\"read-more\" href=\"http:\/\/halsnoydokk.no\/?page_id=23\" aria-label=\"Mer p\u00e5 V\u00e5re Ansatte\">Les mer<\/a><!-- AddThis Advanced Settings generic via filter on get_the_excerpt --><\/p>\n","protected":false},"author":1,"featured_media":0,"parent":17,"menu_order":2,"comment_status":"closed","ping_status":"open","template":"","meta":{"ngg_post_thumbnail":0},"_links":{"self":[{"href":"http:\/\/halsnoydokk.no\/index.php?rest_route=\/wp\/v2\/pages\/23"}],"collection":[{"href":"http:\/\/halsnoydokk.no\/index.php?rest_route=\/wp\/v2\/pages"}],"about":[{"href":"http:\/\/halsnoydokk.no\/index.php?rest_route=\/wp\/v2\/types\/page"}],"author":[{"embeddable":true,"href":"http:\/\/halsnoydokk.no\/index.php?rest_route=\/wp\/v2\/users\/1"}],"replies":[{"embeddable":true,"href":"http:\/\/halsnoydokk.no\/index.php?rest_route=%2Fwp%2Fv2%2Fcomments&post=23"}],"version-history":[{"count":12,"href":"http:\/\/halsnoydokk.no\/index.php?rest_route=\/wp\/v2\/pages\/23\/revisions"}],"predecessor-version":[{"id":851,"href":"http:\/\/halsnoydokk.no\/index.php?rest_route=\/wp\/v2\/pages\/23\/revisions\/851"}],"up":[{"embeddable":true,"href":"http:\/\/halsnoydokk.no\/index.php?rest_route=\/wp\/v2\/pages\/17"}],"wp:attachment":[{"href":"http:\/\/halsnoydokk.no\/index.php?rest_route=%2Fwp%2Fv2%2Fmedia&parent=23"}],"curies":[{"name":"wp","href":"https:\/\/api.w.org\/{rel}","templated":true}]}}