{"id":25,"date":"2013-04-05T18:56:32","date_gmt":"2013-04-05T16:15:44","guid":{"rendered":"http:\/\/halsnoydokk.no\/?page_id=25"},"modified":"2019-08-09T12:48:42","modified_gmt":"2019-08-09T10:48:42","slug":"hvor-er-vi","status":"publish","type":"page","link":"http:\/\/halsnoydokk.no\/?page_id=25","title":{"rendered":"Hvor er vi"},"content":{"rendered":"<p style=\"text-align: center;\"><img loading=\"lazy\" class=\"size-medium wp-image-101 aligncenter\" src=\"http:\/\/halsnoydokk.no\/wp-content\/uploads\/2013\/04\/Kart-393x400.jpg\" alt=\"Kart\" width=\"393\" height=\"400\" srcset=\"http:\/\/halsnoydokk.no\/wp-content\/uploads\/2013\/04\/Kart-393x400.jpg 393w, http:\/\/halsnoydokk.no\/wp-content\/uploads\/2013\/04\/Kart.jpg 580w\" sizes=\"(max-width: 393px) 100vw, 393px\" \/><\/p>\n<p><strong>Halsn\u00f8y Dokk AS<\/strong> sine kontorer ligger i H\u00f8ylandsbygd p\u00e5 Halsn\u00f8y i Sunnhordland, cirka 1,5 time nord for Haugesund og 2,5 time s\u00f8r for Bergen. Halsn\u00f8y kan n\u00e5es enten ved <a href=\"http:\/\/norled.no\/uploads\/documents\/Ferjeruter\/2013_Hordaland\/Ferjehefte_01jan2013_web_s37.pdf\">ferje til\/fra Skjersholmane (Stord)<\/a>&nbsp;eller via tunnel fra fastlands-Kvinnherad, som har ferjesamband til og fra <a href=\"https:\/\/www.norled.no\/kart-og-rutetider\/ferje\/hordaland\/\">Ut\u00e5ker<\/a> og <a href=\"https:\/\/www.norled.no\/kart-og-rutetider\/ferje\/hordaland\/\">\u00c5rsnes<\/a>. Det er ogs\u00e5 tilkomst med <a href=\"https:\/\/www.skyss.no\/Rutetider-og-kart1\/baat\/\">hurtigb\u00e5t<\/a>&nbsp;fra Bergen (se lenkede ferje- og b\u00e5truter). Halsn\u00f8y har direkte tilkomst med bil fra Oslo\/Haukeli via Odda.<\/p>\n<p>&nbsp;<\/p>\n<!-- AddThis Advanced Settings generic via filter on the_content -->","protected":false},"excerpt":{"rendered":"<p>Halsn\u00f8y Dokk AS sine kontorer ligger i H\u00f8ylandsbygd p\u00e5 Halsn\u00f8y i Sunnhordland, cirka 1,5 time nord for Haugesund og 2,5 time s\u00f8r for Bergen. Halsn\u00f8y kan n\u00e5es enten ved ferje til\/fra Skjersholmane (Stord)&nbsp;eller via tunnel fra fastlands-Kvinnherad, som har ferjesamband til og fra Ut\u00e5ker og \u00c5rsnes. Det er ogs\u00e5 tilkomst med hurtigb\u00e5t&nbsp;fra Bergen (se lenkede &#8230; <a title=\"Hvor er vi\" class=\"read-more\" href=\"http:\/\/halsnoydokk.no\/?page_id=25\" aria-label=\"Mer p\u00e5 Hvor er vi\">Les mer<\/a><!-- AddThis Advanced Settings generic via filter on get_the_excerpt --><\/p>\n","protected":false},"author":1,"featured_media":0,"parent":17,"menu_order":1,"comment_status":"closed","ping_status":"open","template":"","meta":{"ngg_post_thumbnail":0},"_links":{"self":[{"href":"http:\/\/halsnoydokk.no\/index.php?rest_route=\/wp\/v2\/pages\/25"}],"collection":[{"href":"http:\/\/halsnoydokk.no\/index.php?rest_route=\/wp\/v2\/pages"}],"about":[{"href":"http:\/\/halsnoydokk.no\/index.php?rest_route=\/wp\/v2\/types\/page"}],"author":[{"embeddable":true,"href":"http:\/\/halsnoydokk.no\/index.php?rest_route=\/wp\/v2\/users\/1"}],"replies":[{"embeddable":true,"href":"http:\/\/halsnoydokk.no\/index.php?rest_route=%2Fwp%2Fv2%2Fcomments&post=25"}],"version-history":[{"count":7,"href":"http:\/\/halsnoydokk.no\/index.php?rest_route=\/wp\/v2\/pages\/25\/revisions"}],"predecessor-version":[{"id":673,"href":"http:\/\/halsnoydokk.no\/index.php?rest_route=\/wp\/v2\/pages\/25\/revisions\/673"}],"up":[{"embeddable":true,"href":"http:\/\/halsnoydokk.no\/index.php?rest_route=\/wp\/v2\/pages\/17"}],"wp:attachment":[{"href":"http:\/\/halsnoydokk.no\/index.php?rest_route=%2Fwp%2Fv2%2Fmedia&parent=25"}],"curies":[{"name":"wp","href":"https:\/\/api.w.org\/{rel}","templated":true}]}}