{"id":46,"date":"2013-04-05T18:56:50","date_gmt":"2013-04-05T16:15:33","guid":{"rendered":"http:\/\/halsnoydokk.no\/?page_id=46"},"modified":"2014-01-27T09:34:01","modified_gmt":"2014-01-27T08:34:01","slug":"our-employees","status":"publish","type":"page","link":"http:\/\/halsnoydokk.no\/?page_id=46","title":{"rendered":"Our employees"},"content":{"rendered":"<h1 style=\"text-align: center;\"><strong>Front desk: 534 82 900<\/strong><\/h1>\n<p><strong>Frode Gr\u00f8nst\u00f8l<\/strong><br \/>\nManaging Director<br \/>\nMobil: +47 92 42 60 92<br \/>\nE-mail: <a href=\"mailto: Frode.Gronstol@halsnoydokk.no\">Frode.Gronstol@halsnoydokk.no<\/a><\/p>\n<p><strong>Geir Magne Sj\u00f8vangen<\/strong><br \/>\nCalculation\/Project manager<br \/>\nMobil: + 47 90 12 67 11<br \/>\nE-mail:\u00a0<a href=\"mailto:Geir-Magne.Sjovangen@halsnoydokk.no\">Geir.Magne.Sjovangen@halsnoydokk.no<\/a><\/p>\n<p><strong>Egil Sj\u00f8vangen<\/strong><br \/>\nCalculation\/Project manager<br \/>\nMobil: + 47 95 96 62 23<br \/>\nE-mail:\u00a0<a href=\"mailto:Egil.Sjovangen@halsnoydokk.no\">Egil.Sjovangen@halsnoydokk.no<\/a><\/p>\n<p><strong>Bj\u00f8rn Harald Hansen<\/strong><br \/>\nPurchasing\/Warehouse coordinator<br \/>\nMobil: + 47 97 03 75 37<br \/>\nE-mail:\u00a0<a href=\"mailto:Bjorn.Harald.Hansen@halsnoydokk.no\">Bjorn.Harald.Hansen@halsnoydokk.no<\/a><\/p>\n<!-- AddThis Advanced Settings generic via filter on the_content -->","protected":false},"excerpt":{"rendered":"<p>Front desk: 534 82 900 Frode Gr\u00f8nst\u00f8l Managing Director Mobil: +47 92 42 60 92 E-mail: Frode.Gronstol@halsnoydokk.no Geir Magne Sj\u00f8vangen Calculation\/Project manager Mobil: + 47 90 12 67 11 E-mail:\u00a0Geir.Magne.Sjovangen@halsnoydokk.no Egil Sj\u00f8vangen Calculation\/Project manager Mobil: + 47 95 96 62 23 E-mail:\u00a0Egil.Sjovangen@halsnoydokk.no Bj\u00f8rn Harald Hansen Purchasing\/Warehouse coordinator Mobil: + 47 97 03 75 37 E-mail:\u00a0Bjorn.Harald.Hansen@halsnoydokk.no<!-- AddThis Advanced Settings generic via filter on get_the_excerpt --><\/p>\n","protected":false},"author":1,"featured_media":0,"parent":44,"menu_order":2,"comment_status":"closed","ping_status":"open","template":"","meta":{"ngg_post_thumbnail":0},"_links":{"self":[{"href":"http:\/\/halsnoydokk.no\/index.php?rest_route=\/wp\/v2\/pages\/46"}],"collection":[{"href":"http:\/\/halsnoydokk.no\/index.php?rest_route=\/wp\/v2\/pages"}],"about":[{"href":"http:\/\/halsnoydokk.no\/index.php?rest_route=\/wp\/v2\/types\/page"}],"author":[{"embeddable":true,"href":"http:\/\/halsnoydokk.no\/index.php?rest_route=\/wp\/v2\/users\/1"}],"replies":[{"embeddable":true,"href":"http:\/\/halsnoydokk.no\/index.php?rest_route=%2Fwp%2Fv2%2Fcomments&post=46"}],"version-history":[{"count":11,"href":"http:\/\/halsnoydokk.no\/index.php?rest_route=\/wp\/v2\/pages\/46\/revisions"}],"predecessor-version":[{"id":233,"href":"http:\/\/halsnoydokk.no\/index.php?rest_route=\/wp\/v2\/pages\/46\/revisions\/233"}],"up":[{"embeddable":true,"href":"http:\/\/halsnoydokk.no\/index.php?rest_route=\/wp\/v2\/pages\/44"}],"wp:attachment":[{"href":"http:\/\/halsnoydokk.no\/index.php?rest_route=%2Fwp%2Fv2%2Fmedia&parent=46"}],"curies":[{"name":"wp","href":"https:\/\/api.w.org\/{rel}","templated":true}]}}