{"id":76,"date":"2013-04-06T11:39:41","date_gmt":"2013-04-06T09:39:41","guid":{"rendered":"http:\/\/halsnoydokk.no\/?page_id=76"},"modified":"2019-08-09T11:29:13","modified_gmt":"2019-08-09T09:29:13","slug":"om-oss","status":"publish","type":"page","link":"http:\/\/halsnoydokk.no\/?page_id=76","title":{"rendered":"Om oss"},"content":{"rendered":"<p style=\"text-align: left;\"><span style=\"color: #1c3764;\"><strong>Halsn\u00f8y Dokk AS er et tradisjonsrikt og konkurransedyktig verft som ligger sentralt i Sunnhordland.<br \/>\nVerftet har 43 motiverte og velkvalifiserte medarbeidere som kan utf\u00f8re oppdrag innen:<\/strong><\/span><\/p>\n<ul style=\"text-align: left;\">\n<li><span style=\"color: #1c3764;\"><strong><span style=\"line-height: 14px;\">Nybygging av skip, skipsreparasjoner, ombygginger og forlengelser av b\u00e5de<br \/>\nsivile og marinens fart\u00f8yer<\/span><\/strong><\/span><\/li>\n<li><span style=\"color: #1c3764;\"><strong>Overhaling, reparasjon, fabrikasjon, samt maskinerings- og sveisetjenester<br \/>\nog offshore og landbasert industri<\/strong><\/span><\/li>\n<li><span style=\"color: #1c3764;\"><strong>Bygging av st\u00f8rre st\u00e5lkonstruksjoner<\/strong><\/span><\/li>\n<\/ul>\n<p><strong style=\"color: #1c3764; line-height: 1.714285714; font-size: 1rem;\">Halsn\u00f8y Dokk tilbyr service til alle typer fart\u00f8y. Vi har mulighet for dokking (106 x 25 meter),&nbsp;<\/strong><span style=\"color: #1c3764;\"><strong style=\"line-height: 1.714285714; font-size: 1rem;\">samt flere st\u00f8rre kaiomr\u00e5der tilgjengelig for gjennomf\u00f8ring av serviceoppdrag.&nbsp;<\/strong><\/span><\/p>\n<p><span style=\"color: #1c3764;\"><strong>I st\u00e5lhallen kan det utf\u00f8res bygging av st\u00f8rre st\u00e5lkonstruksjoner og moduler, denne ligger i&nbsp;<\/strong><\/span><span style=\"color: #1c3764;\"><strong style=\"line-height: 1.714285714; font-size: 1rem;\">n\u00e6r tilknytning til kaiomr\u00e5dene. Verftet besitter kompetanse innenfor alle fagomr\u00e5der som er&nbsp;<\/strong><\/span><span style=\"color: #1c3764;\"><strong>n\u00f8dvendig for \u00e5 planlegge og gjennomf\u00f8re ombygginger, klassing av fart\u00f8yer og rutinemessige dokkinger.<\/strong><\/span><\/p>\n<p style=\"text-align: left;\"><span style=\"color: #1c3764;\"><strong>Halsn\u00f8y Dokk har over flere \u00e5r opparbeidet seg bred erfaring med denne type oppdrag,<br \/>\nog verftet leverte sitt siste nybygg til Fugro Synergy NV i oktober 2009.<\/strong><\/span><\/p>\n<figure id=\"attachment_33\" aria-describedby=\"caption-attachment-33\" style=\"width: 615px\" class=\"wp-caption alignnone\"><a href=\"http:\/\/halsnoydokk.no\/wp-content\/uploads\/2013\/04\/Fugro-Synergy-web.jpg\"><img loading=\"lazy\" class=\"size-large wp-image-33\" src=\"http:\/\/halsnoydokk.no\/wp-content\/uploads\/2013\/04\/Fugro-Synergy-web-1024x715.jpg\" alt=\"Fugro Synergy, levert 2009.\" width=\"625\" height=\"436\" srcset=\"http:\/\/halsnoydokk.no\/wp-content\/uploads\/2013\/04\/Fugro-Synergy-web-1024x715.jpg 1024w, http:\/\/halsnoydokk.no\/wp-content\/uploads\/2013\/04\/Fugro-Synergy-web-300x209.jpg 300w, http:\/\/halsnoydokk.no\/wp-content\/uploads\/2013\/04\/Fugro-Synergy-web-624x435.jpg 624w, http:\/\/halsnoydokk.no\/wp-content\/uploads\/2013\/04\/Fugro-Synergy-web.jpg 1200w\" sizes=\"(max-width: 625px) 100vw, 625px\" \/><\/a><figcaption id=\"caption-attachment-33\" class=\"wp-caption-text\"><strong>Fugro Synergy, det siste nybygget, levert 2009.<\/strong><\/figcaption><\/figure>\n<p style=\"text-align: left;\">&nbsp;<\/p>\n<!-- AddThis Advanced Settings generic via filter on the_content -->","protected":false},"excerpt":{"rendered":"<p>Halsn\u00f8y Dokk AS er et tradisjonsrikt og konkurransedyktig verft som ligger sentralt i Sunnhordland. Verftet har 43 motiverte og velkvalifiserte medarbeidere som kan utf\u00f8re oppdrag innen: Nybygging av skip, skipsreparasjoner, ombygginger og forlengelser av b\u00e5de sivile og marinens fart\u00f8yer Overhaling, reparasjon, fabrikasjon, samt maskinerings- og sveisetjenester og offshore og landbasert industri Bygging av st\u00f8rre st\u00e5lkonstruksjoner &#8230; <a title=\"Om oss\" class=\"read-more\" href=\"http:\/\/halsnoydokk.no\/?page_id=76\" aria-label=\"Mer p\u00e5 Om oss\">Les mer<\/a><!-- AddThis Advanced Settings generic via filter on get_the_excerpt --><\/p>\n","protected":false},"author":1,"featured_media":0,"parent":0,"menu_order":0,"comment_status":"closed","ping_status":"open","template":"","meta":{"ngg_post_thumbnail":0},"_links":{"self":[{"href":"http:\/\/halsnoydokk.no\/index.php?rest_route=\/wp\/v2\/pages\/76"}],"collection":[{"href":"http:\/\/halsnoydokk.no\/index.php?rest_route=\/wp\/v2\/pages"}],"about":[{"href":"http:\/\/halsnoydokk.no\/index.php?rest_route=\/wp\/v2\/types\/page"}],"author":[{"embeddable":true,"href":"http:\/\/halsnoydokk.no\/index.php?rest_route=\/wp\/v2\/users\/1"}],"replies":[{"embeddable":true,"href":"http:\/\/halsnoydokk.no\/index.php?rest_route=%2Fwp%2Fv2%2Fcomments&post=76"}],"version-history":[{"count":5,"href":"http:\/\/halsnoydokk.no\/index.php?rest_route=\/wp\/v2\/pages\/76\/revisions"}],"predecessor-version":[{"id":669,"href":"http:\/\/halsnoydokk.no\/index.php?rest_route=\/wp\/v2\/pages\/76\/revisions\/669"}],"wp:attachment":[{"href":"http:\/\/halsnoydokk.no\/index.php?rest_route=%2Fwp%2Fv2%2Fmedia&parent=76"}],"curies":[{"name":"wp","href":"https:\/\/api.w.org\/{rel}","templated":true}]}}