{"id":807,"date":"2023-06-28T13:48:36","date_gmt":"2023-06-28T11:48:36","guid":{"rendered":"http:\/\/halsnoydokk.no\/?page_id=807"},"modified":"2023-06-28T13:48:37","modified_gmt":"2023-06-28T11:48:37","slug":"etiske-retningslinjer","status":"publish","type":"page","link":"http:\/\/halsnoydokk.no\/?page_id=807","title":{"rendered":"Etiske retningslinjer"},"content":{"rendered":"\n<p>Hos Halsn\u00f8y Dokk er alle medarbeidere forpliktet til \u00e5 utvise god moral og etisk ansvarlighet i henhold til samfunnets lover og regelverk samt selskapets interne prosedyrer og regelverk.<\/p>\n\n\n\n<p><strong>For \u00e5 oppn\u00e5 dette, skal vi alltid opprettholde h\u00f8y etisk standard ved \u00e5:<\/strong><\/p>\n\n\n\n<ul><li>Ut\u00f8ve god selskapsstyring.<\/li><li>Fremme likestilling, likeverd, \u00e5penhet og toleranse &#8211; samt hindre diskriminering p\u00e5 grunn av kj\u00f8nn, etnisitet, nasjonal opprinnelse, avstamning, hudfarge, spr\u00e5k, funksjonsevne, religion og livssyn.<\/li><li>S\u00f8rge for at ingen mottar eller utbetaler penger \u201dunder bordet\u201d, returkommisjon, andre upassende betalinger eller gaver.<\/li><li>Vi skal unng\u00e5 interessekonflikter.<\/li><li>V\u00e6re lojal mot selskapet og beskytte selskapets- og kundenes forretningshemmeligheter, inkl. konfidensiell informasjon.<\/li><li>Ikke inng\u00e5 i upassende diskusjoner med konkurrenter.<\/li><li>Beskytte og ta vare p\u00e5 selskapets eiendommer, utstyr og verdier.<\/li><li>S\u00f8rge for at v\u00e5re leverand\u00f8rer, konsulenter og andre samarbeidspartnere ut\u00f8ver tilsvarende h\u00f8y etisk forretningsstandard.<\/li><\/ul>\n\n\n\n<p>Toppledelsen forplikter seg til- og skal forsikre seg at den \u00f8vrige ledelse ut\u00f8ver godt lederskap, har st\u00f8tte og n\u00f8dvendige retningslinjer for \u00e5 s\u00f8rge for at ovennevnte etiske standard blir etterlevd.<\/p>\n\n\n\n<p>Alle ansatte, inkludert innleid personell og underleverand\u00f8rer, er ansvarlig for \u00e5 forst\u00e5 og etterleve disse retningslinjene.<\/p>\n<!-- AddThis Advanced Settings generic via filter on the_content -->","protected":false},"excerpt":{"rendered":"<p>Hos Halsn\u00f8y Dokk er alle medarbeidere forpliktet til \u00e5 utvise god moral og etisk ansvarlighet i henhold til samfunnets lover og regelverk samt selskapets interne prosedyrer og regelverk. For \u00e5 oppn\u00e5 dette, skal vi alltid opprettholde h\u00f8y etisk standard ved \u00e5: Ut\u00f8ve god selskapsstyring. Fremme likestilling, likeverd, \u00e5penhet og toleranse &#8211; samt hindre diskriminering p\u00e5 &#8230; <a title=\"Etiske retningslinjer\" class=\"read-more\" href=\"http:\/\/halsnoydokk.no\/?page_id=807\" aria-label=\"Mer p\u00e5 Etiske retningslinjer\">Les mer<\/a><!-- AddThis Advanced Settings generic via filter on get_the_excerpt --><\/p>\n","protected":false},"author":3,"featured_media":0,"parent":804,"menu_order":1,"comment_status":"closed","ping_status":"closed","template":"","meta":{"ngg_post_thumbnail":0},"_links":{"self":[{"href":"http:\/\/halsnoydokk.no\/index.php?rest_route=\/wp\/v2\/pages\/807"}],"collection":[{"href":"http:\/\/halsnoydokk.no\/index.php?rest_route=\/wp\/v2\/pages"}],"about":[{"href":"http:\/\/halsnoydokk.no\/index.php?rest_route=\/wp\/v2\/types\/page"}],"author":[{"embeddable":true,"href":"http:\/\/halsnoydokk.no\/index.php?rest_route=\/wp\/v2\/users\/3"}],"replies":[{"embeddable":true,"href":"http:\/\/halsnoydokk.no\/index.php?rest_route=%2Fwp%2Fv2%2Fcomments&post=807"}],"version-history":[{"count":1,"href":"http:\/\/halsnoydokk.no\/index.php?rest_route=\/wp\/v2\/pages\/807\/revisions"}],"predecessor-version":[{"id":808,"href":"http:\/\/halsnoydokk.no\/index.php?rest_route=\/wp\/v2\/pages\/807\/revisions\/808"}],"up":[{"embeddable":true,"href":"http:\/\/halsnoydokk.no\/index.php?rest_route=\/wp\/v2\/pages\/804"}],"wp:attachment":[{"href":"http:\/\/halsnoydokk.no\/index.php?rest_route=%2Fwp%2Fv2%2Fmedia&parent=807"}],"curies":[{"name":"wp","href":"https:\/\/api.w.org\/{rel}","templated":true}]}}