{"id":931,"date":"2026-04-20T12:43:03","date_gmt":"2026-04-20T10:43:03","guid":{"rendered":"http:\/\/halsnoydokk.no\/?page_id=931"},"modified":"2026-04-20T12:56:30","modified_gmt":"2026-04-20T10:56:30","slug":"miljo-retningslinjer","status":"publish","type":"page","link":"http:\/\/halsnoydokk.no\/?page_id=931","title":{"rendered":"Milj\u00f8 retningslinjer"},"content":{"rendered":"\n<p>Halsn\u00f8y Dokk er forpliktet til at alle aktiviteter ved Halsn\u00f8y Dokk skal ha s\u00e5 liten grad av p\u00e5virkning p\u00e5 milj\u00f8et som mulig.<\/p>\n\n\n\n<p><strong>For \u00e5 oppn\u00e5 dette, skal vi fokusere p\u00e5:<\/strong><\/p>\n\n\n\n<ul><li>\u00c5 arbeide i henhold til ISO 14001 standarden.<\/li><li>Se til at milj\u00f8p\u00e5virkning er hensyntatt i alle avgj\u00f8relser i ledelsen og produksjonen.<\/li><li>Evaluere og kontrollere v\u00e5r p\u00e5virkning av milj\u00f8 i produksjonen<\/li><li>Halsn\u00f8y Dokk p\u00e5st\u00e5r at alle milj\u00f8messige ulykker kan v\u00e6re unng\u00e5tt, og skal derfor kontinuerlig arbeide med \u00e5 risikovurdere aktiviteter som kan f\u00f8re til slike ulykker.<\/li><li>Etterlevelse av relevante l\u00e5ver og regler som ang\u00e5r p\u00e5virkning av milj\u00f8et.<\/li><li>\u00c5 redusere avfall og overforbruk til minst mulig grad.<\/li><li>Bruke milj\u00f8vennlige produkter og tjenester.<\/li><li>Sette milj\u00f8m\u00e5l, etterleve disse og skape nye m\u00e5l ved oppn\u00e5else av gjeldende m\u00e5l for \u00e5 skape kontinuerlig forbedring.<\/li><li>Ved fornying av utsyr og omr\u00e5det generelt skal milj\u00f8avtrykket alltid hensyntas og v\u00e6re h\u00f8yt p\u00e5 prioriteringslisten.<\/li><li>Stolt vise frem v\u00e5rt milj\u00f8arbeid til v\u00e5re kunder og samarbeidspartnere.<\/li><\/ul>\n<!-- AddThis Advanced Settings generic via filter on the_content -->","protected":false},"excerpt":{"rendered":"<p>Halsn\u00f8y Dokk er forpliktet til at alle aktiviteter ved Halsn\u00f8y Dokk skal ha s\u00e5 liten grad av p\u00e5virkning p\u00e5 milj\u00f8et som mulig. For \u00e5 oppn\u00e5 dette, skal vi fokusere p\u00e5: \u00c5 arbeide i henhold til ISO 14001 standarden. Se til at milj\u00f8p\u00e5virkning er hensyntatt i alle avgj\u00f8relser i ledelsen og produksjonen. Evaluere og kontrollere v\u00e5r &#8230; <a title=\"Milj\u00f8 retningslinjer\" class=\"read-more\" href=\"http:\/\/halsnoydokk.no\/?page_id=931\" aria-label=\"Mer p\u00e5 Milj\u00f8 retningslinjer\">Les mer<\/a><!-- AddThis Advanced Settings generic via filter on get_the_excerpt --><\/p>\n","protected":false},"author":3,"featured_media":0,"parent":804,"menu_order":3,"comment_status":"closed","ping_status":"closed","template":"","meta":{"ngg_post_thumbnail":0},"_links":{"self":[{"href":"http:\/\/halsnoydokk.no\/index.php?rest_route=\/wp\/v2\/pages\/931"}],"collection":[{"href":"http:\/\/halsnoydokk.no\/index.php?rest_route=\/wp\/v2\/pages"}],"about":[{"href":"http:\/\/halsnoydokk.no\/index.php?rest_route=\/wp\/v2\/types\/page"}],"author":[{"embeddable":true,"href":"http:\/\/halsnoydokk.no\/index.php?rest_route=\/wp\/v2\/users\/3"}],"replies":[{"embeddable":true,"href":"http:\/\/halsnoydokk.no\/index.php?rest_route=%2Fwp%2Fv2%2Fcomments&post=931"}],"version-history":[{"count":1,"href":"http:\/\/halsnoydokk.no\/index.php?rest_route=\/wp\/v2\/pages\/931\/revisions"}],"predecessor-version":[{"id":932,"href":"http:\/\/halsnoydokk.no\/index.php?rest_route=\/wp\/v2\/pages\/931\/revisions\/932"}],"up":[{"embeddable":true,"href":"http:\/\/halsnoydokk.no\/index.php?rest_route=\/wp\/v2\/pages\/804"}],"wp:attachment":[{"href":"http:\/\/halsnoydokk.no\/index.php?rest_route=%2Fwp%2Fv2%2Fmedia&parent=931"}],"curies":[{"name":"wp","href":"https:\/\/api.w.org\/{rel}","templated":true}]}}